{"id":131,"date":"2023-04-13T09:45:40","date_gmt":"2023-04-13T07:45:40","guid":{"rendered":"https:\/\/wotecenergie.com\/?page_id=131"},"modified":"2025-01-27T13:11:35","modified_gmt":"2025-01-27T12:11:35","slug":"energetique","status":"publish","type":"page","link":"https:\/\/wotecenergie.com\/fr\/energetique\/","title":{"rendered":"Energ\u00e9tique"},"content":{"rendered":"\t\t<div data-elementor-type=\"wp-page\" data-elementor-id=\"131\" class=\"elementor elementor-131\">\n\t\t\t\t\t\t<section class=\"elementor-section elementor-top-section elementor-element elementor-element-3ef2c5f4 elementor-section-boxed elementor-section-height-default elementor-section-height-default\" data-id=\"3ef2c5f4\" data-element_type=\"section\" data-e-type=\"section\">\n\t\t\t\t\t\t<div class=\"elementor-container elementor-column-gap-default\">\n\t\t\t\t\t<div class=\"elementor-column elementor-col-100 elementor-top-column elementor-element elementor-element-442708e2\" data-id=\"442708e2\" data-element_type=\"column\" data-e-type=\"column\">\n\t\t\t<div class=\"elementor-widget-wrap elementor-element-populated\">\n\t\t\t\t\t\t<div class=\"elementor-element elementor-element-37f42e88 elementor-widget elementor-widget-text-editor\" data-id=\"37f42e88\" data-element_type=\"widget\" data-e-type=\"widget\" data-widget_type=\"text-editor.default\">\n\t\t\t\t<div class=\"elementor-widget-container\">\n\t\t\t\t\t\t\t\t\t\n<p>Nous offrons des services de prestation aux professionnels et aux particuliers. Nous intervenons dans le secteur de la climatisation, la ventilation et le froid en tant que consultant pour concevoir et concr\u00e9tiser les projets de nos clients.<\/p>\n\n<p>Nos techniciens et ing\u00e9nieurs son qualifi\u00e9s et exp\u00e9riment\u00e9s aux sp\u00e9cificit\u00e9s techniques, technologiques et \u00e9conomiques des projets, ils interviennent sur l&rsquo;ensemble du territoire et dans la sous-r\u00e9gion pour r\u00e9pondre aux besoins des clients. Nous assurons l&rsquo;accompagnement, la r\u00e9ussite et la garantie des projets \u00e0 travers des solution technico-\u00e9conomiques s\u00fbres et fiables.<\/p>\n\n<p><strong>Notre savoir faire<\/strong>:<\/p>\n\n<ul class=\"wp-block-list\">\n<li>Installation des syst\u00e8mes de ventilation et climatisation (mono ou multi-split);<\/li>\n\n<li>Installation des machines hydrauliques et thermiques (pompes et turbines);<\/li>\n\n<li>Conception et installation des chambre froides positives et n\u00e9gatives (froid commercial);<\/li>\n\n<li>Suivi et maintenance des installations frigorifiques;<\/li>\n\n<li>Audit \u00e9nerg\u00e9tique des installations de froid, de climatisation et conditionnement d&rsquo;air.<\/li>\n<\/ul>\n\n<div class=\"wp-block-essential-blocks-slider\">\n<div class=\"eb-parent-wrapper eb-parent-eb-slider-z280stp \">\n<div class=\"eb-slider-wrapper eb-slider-z280stp\" data-settings=\"{&quot;arrows&quot;:true,&quot;adaptiveHeight&quot;:false,&quot;autoplay&quot;:true,&quot;autoplaySpeed&quot;:3000,&quot;dots&quot;:true,&quot;fade&quot;:false,&quot;infinite&quot;:true,&quot;pauseOnHover&quot;:true,&quot;slidesToShow&quot;:1,&quot;speed&quot;:500,&quot;initialSlide&quot;:2,&quot;vertical&quot;:false,&quot;responsive&quot;:[{&quot;breakpoint&quot;:1025,&quot;settings&quot;:{&quot;slidesToShow&quot;:1}},{&quot;breakpoint&quot;:767,&quot;settings&quot;:{&quot;slidesToShow&quot;:1}}]}\" data-images=\"[{&quot;url&quot;:&quot;https:\/\/wotecenergie.com\/wp-content\/uploads\/2023\/06\/ranger-son-refrigerateur-les-erreurs-a-eviter.jpeg&quot;,&quot;alt&quot;:&quot;&quot;,&quot;id&quot;:0,&quot;imageId&quot;:520,&quot;caption&quot;:&quot;&quot;,&quot;title&quot;:&quot;Slider 4&quot;,&quot;subtitle&quot;:&quot;Essential Blocks Slider Subtitle&quot;,&quot;showButton&quot;:true,&quot;buttonText&quot;:&quot;See More&quot;,&quot;buttonUrl&quot;:&quot;&quot;,&quot;openNewTab&quot;:false,&quot;isValidUrl&quot;:true},{&quot;url&quot;:&quot;https:\/\/wotecenergie.com\/wp-content\/uploads\/2023\/06\/air-conditioner-india-feature.webp&quot;,&quot;alt&quot;:&quot;&quot;,&quot;id&quot;:1,&quot;imageId&quot;:521,&quot;caption&quot;:&quot;&quot;,&quot;title&quot;:&quot;Slider 5&quot;,&quot;subtitle&quot;:&quot;Essential Blocks Slider Subtitle&quot;,&quot;showButton&quot;:true,&quot;buttonText&quot;:&quot;See More&quot;,&quot;buttonUrl&quot;:&quot;&quot;,&quot;openNewTab&quot;:false,&quot;isValidUrl&quot;:true},{&quot;url&quot;:&quot;https:\/\/wotecenergie.com\/wp-content\/uploads\/2023\/06\/How-Much-Electricity-Does-an-Air-Conditioner-Use.webp&quot;,&quot;alt&quot;:&quot;&quot;,&quot;id&quot;:2,&quot;imageId&quot;:522,&quot;caption&quot;:&quot;&quot;,&quot;title&quot;:&quot;Slider 6&quot;,&quot;subtitle&quot;:&quot;Essential Blocks Slider Subtitle&quot;,&quot;showButton&quot;:true,&quot;buttonText&quot;:&quot;See More&quot;,&quot;buttonUrl&quot;:&quot;&quot;,&quot;openNewTab&quot;:false,&quot;isValidUrl&quot;:true}]\" data-slidercontenttype=\"content-1\" data-slidertype=\"image\" data-textalign=\"left\">\n<div class=\"image\">\n<div class=\"eb-slider-item content-1\"><img decoding=\"async\" class=\"eb-slider-image\" src=\"https:\/\/wotecenergie.com\/wp-content\/uploads\/2023\/06\/ranger-son-refrigerateur-les-erreurs-a-eviter.jpeg\" \/><\/div>\n<div class=\"eb-slider-item content-1\"><img decoding=\"async\" class=\"eb-slider-image\" src=\"https:\/\/wotecenergie.com\/wp-content\/uploads\/2023\/06\/air-conditioner-india-feature.webp\" \/><\/div>\n<div class=\"eb-slider-item content-1\"><img decoding=\"async\" class=\"eb-slider-image\" src=\"https:\/\/wotecenergie.com\/wp-content\/uploads\/2023\/06\/How-Much-Electricity-Does-an-Air-Conditioner-Use.webp\" \/><\/div>\n<\/div>\n<\/div>\n<\/div>\n<\/div>\n\t\t\t\t\t\t\t\t<\/div>\n\t\t\t\t<\/div>\n\t\t\t\t\t<\/div>\n\t\t<\/div>\n\t\t\t\t\t<\/div>\n\t\t<\/section>\n\t\t\t\t<section class=\"elementor-section elementor-top-section elementor-element elementor-element-bf7d2d3 elementor-section-boxed elementor-section-height-default elementor-section-height-default\" data-id=\"bf7d2d3\" data-element_type=\"section\" data-e-type=\"section\">\n\t\t\t\t\t\t<div class=\"elementor-container elementor-column-gap-default\">\n\t\t\t\t\t<div class=\"elementor-column elementor-col-100 elementor-top-column elementor-element elementor-element-c6fc6af\" data-id=\"c6fc6af\" data-element_type=\"column\" data-e-type=\"column\">\n\t\t\t<div class=\"elementor-widget-wrap\">\n\t\t\t\t\t\t\t<\/div>\n\t\t<\/div>\n\t\t\t\t\t<\/div>\n\t\t<\/section>\n\t\t\t\t<\/div>\n\t\t","protected":false},"excerpt":{"rendered":"<p>Nous offrons des services de prestation aux professionnels et aux particuliers. Nous intervenons dans le secteur de la climatisation, la ventilation et le froid en tant que consultant pour concevoir et concr\u00e9tiser les projets de nos clients. Nos techniciens et ing\u00e9nieurs son qualifi\u00e9s et exp\u00e9riment\u00e9s aux sp\u00e9cificit\u00e9s techniques, technologiques et \u00e9conomiques des projets, ils interviennent sur l&rsquo;ensemble du territoire et [&hellip;]<\/p>\n","protected":false},"author":3,"featured_media":0,"parent":0,"menu_order":0,"comment_status":"closed","ping_status":"closed","template":"elementor_theme","meta":{"_eb_attr":"","footnotes":""},"class_list":["post-131","page","type-page","status-publish","hentry"],"_links":{"self":[{"href":"https:\/\/wotecenergie.com\/fr\/wp-json\/wp\/v2\/pages\/131","targetHints":{"allow":["GET"]}}],"collection":[{"href":"https:\/\/wotecenergie.com\/fr\/wp-json\/wp\/v2\/pages"}],"about":[{"href":"https:\/\/wotecenergie.com\/fr\/wp-json\/wp\/v2\/types\/page"}],"author":[{"embeddable":true,"href":"https:\/\/wotecenergie.com\/fr\/wp-json\/wp\/v2\/users\/3"}],"replies":[{"embeddable":true,"href":"https:\/\/wotecenergie.com\/fr\/wp-json\/wp\/v2\/comments?post=131"}],"version-history":[{"count":29,"href":"https:\/\/wotecenergie.com\/fr\/wp-json\/wp\/v2\/pages\/131\/revisions"}],"predecessor-version":[{"id":1092,"href":"https:\/\/wotecenergie.com\/fr\/wp-json\/wp\/v2\/pages\/131\/revisions\/1092"}],"wp:attachment":[{"href":"https:\/\/wotecenergie.com\/fr\/wp-json\/wp\/v2\/media?parent=131"}],"curies":[{"name":"wp","href":"https:\/\/api.w.org\/{rel}","templated":true}]}}