{"id":126,"date":"2023-04-13T09:42:12","date_gmt":"2023-04-13T07:42:12","guid":{"rendered":"https:\/\/wotecenergie.com\/?page_id=126"},"modified":"2025-01-27T13:13:03","modified_gmt":"2025-01-27T12:13:03","slug":"energie-renouvelable","status":"publish","type":"page","link":"https:\/\/wotecenergie.com\/fr\/energie-renouvelable\/","title":{"rendered":"Energies renouvelables"},"content":{"rendered":"\n<p>Nous offrons des services de prestation aux professionnels et aux particuliers. Nous intervenons dans le secteur des \u00e9nergies renouvelables (solaire, \u00e9olien et hydro\u00e9lectrique) en tant que consultant pour concevoir et concr\u00e9tiser les projets de nos clients.<\/p>\n\n\n\n<p>Nos techniciens et ing\u00e9nieurs sont qualifi\u00e9s et exp\u00e9riment\u00e9s aux sp\u00e9cificit\u00e9s techniques, technologiques et \u00e9conomiques des projets, ils interviennent sur l&rsquo;ensemble du territoire et dans la sous-r\u00e9gion pour r\u00e9pondre aux besoins des clients. Nous assurons l&rsquo;accompagnement, la r\u00e9ussite et la garantie des projets \u00e0 travers des solutions technico-\u00e9conomiques s\u00fbres et fiables.<\/p>\n\n\n\n<p><strong>Notre savoir faire:<\/strong><\/p>\n\n\n\n<ul class=\"wp-block-list\">\n<li>Etudes de fiabilit\u00e9 des projets en approvisionnant d&rsquo;\u00e9nergie;<\/li>\n\n\n\n<li>Choix et estimation du potentiel \u00e9nerg\u00e9tique (productible) d&rsquo;un site;<\/li>\n\n\n\n<li>Int\u00e9gration des \u00e9nergies renouvelables sur le r\u00e9seau de distribution BT;<\/li>\n\n\n\n<li>Dimensionnement des installations photovolta\u00efques (site isol\u00e9 ou raccorder au r\u00e9seau);<\/li>\n\n\n\n<li>Choix des syst\u00e8mes de conversion et de stockage d&rsquo;\u00e9nergie (batterie);<\/li>\n\n\n\n<li>Station de pompage solaire pour irrigation ou ch\u00e2teau d&rsquo;eau;<\/li>\n\n\n\n<li>D\u00e9veloppement des syst\u00e8mes hybrides (groupe \u00e9lectrog\u00e8ne, solaire photovolta\u00efque, r\u00e9seau).<\/li>\n<\/ul>\n\n\n\n<p><\/p>\n\n\n\n<div class=\"wp-block-essential-blocks-slider  root-eb-slider-eg40mk5\"><div class=\"eb-parent-wrapper eb-parent-eb-slider-eg40mk5 \"><div class=\"eb-slider-wrapper eb-slider-eg40mk5\" data-blockid=\"eb-slider-eg40mk5\" data-version=\"v4\" data-settings=\"eyJhcnJvd3MiOnRydWUsImFkYXB0aXZlSGVpZ2h0Ijp0cnVlLCJhdXRvcGxheSI6dHJ1ZSwiYXV0b3BsYXlTcGVlZCI6MzAwMCwiZG90cyI6dHJ1ZSwiZmFkZSI6ZmFsc2UsImluZmluaXRlIjp0cnVlLCJwYXVzZU9uSG92ZXIiOnRydWUsInNsaWRlc1RvU2hvdyI6MSwic3BlZWQiOjUwMCwidmVydGljYWwiOmZhbHNlLCJjdXJyZW50U2xpZGUiOjAsInJ0bCI6ZmFsc2UsInJlc3BvbnNpdmUiOlt7ImJyZWFrcG9pbnQiOjEwMjUsInNldHRpbmdzIjp7InNsaWRlc1RvU2hvdyI6MX19LHsiYnJlYWtwb2ludCI6NzY3LCJzZXR0aW5ncyI6eyJzbGlkZXNUb1Nob3ciOjF9fV19\" data-arrownexticon=\"fas fa-arrow-alt-circle-right\" data-arrowprevicon=\"fas fa-arrow-alt-circle-left\" data-lightbox=\"false\"><div class=\"eb-slider-init eb-slider-type-image\"><div class=\"eb-slider-item content-1\" data-src=\"https:\/\/wotecenergie.com\/wp-content\/uploads\/2023\/04\/panneau-solaire.jpg\"><div><img class=\"eb-slider-image\" data-lazy=\"https:\/\/wotecenergie.com\/wp-content\/uploads\/2023\/04\/panneau-solaire.jpg\"\/><\/div><\/div><div class=\"eb-slider-item content-1\" data-src=\"https:\/\/wotecenergie.com\/wp-content\/uploads\/2023\/04\/panneau.jpg\"><div><img class=\"eb-slider-image\" data-lazy=\"https:\/\/wotecenergie.com\/wp-content\/uploads\/2023\/04\/panneau.jpg\"\/><\/div><\/div><\/div><\/div><\/div><\/div>\n","protected":false},"excerpt":{"rendered":"<p>Nous offrons des services de prestation aux professionnels et aux particuliers. Nous intervenons dans le secteur des \u00e9nergies renouvelables (solaire, \u00e9olien et hydro\u00e9lectrique) en tant que consultant pour concevoir et concr\u00e9tiser les projets de nos clients. Nos techniciens et ing\u00e9nieurs sont qualifi\u00e9s et exp\u00e9riment\u00e9s aux sp\u00e9cificit\u00e9s techniques, technologiques et \u00e9conomiques des projets, ils interviennent sur l&rsquo;ensemble du territoire et dans [&hellip;]<\/p>\n","protected":false},"author":3,"featured_media":0,"parent":0,"menu_order":0,"comment_status":"closed","ping_status":"closed","template":"","meta":{"_eb_attr":"","footnotes":""},"class_list":["post-126","page","type-page","status-publish","hentry"],"_links":{"self":[{"href":"https:\/\/wotecenergie.com\/fr\/wp-json\/wp\/v2\/pages\/126","targetHints":{"allow":["GET"]}}],"collection":[{"href":"https:\/\/wotecenergie.com\/fr\/wp-json\/wp\/v2\/pages"}],"about":[{"href":"https:\/\/wotecenergie.com\/fr\/wp-json\/wp\/v2\/types\/page"}],"author":[{"embeddable":true,"href":"https:\/\/wotecenergie.com\/fr\/wp-json\/wp\/v2\/users\/3"}],"replies":[{"embeddable":true,"href":"https:\/\/wotecenergie.com\/fr\/wp-json\/wp\/v2\/comments?post=126"}],"version-history":[{"count":9,"href":"https:\/\/wotecenergie.com\/fr\/wp-json\/wp\/v2\/pages\/126\/revisions"}],"predecessor-version":[{"id":1093,"href":"https:\/\/wotecenergie.com\/fr\/wp-json\/wp\/v2\/pages\/126\/revisions\/1093"}],"wp:attachment":[{"href":"https:\/\/wotecenergie.com\/fr\/wp-json\/wp\/v2\/media?parent=126"}],"curies":[{"name":"wp","href":"https:\/\/api.w.org\/{rel}","templated":true}]}}