{"id":35,"date":"2023-03-16T15:44:04","date_gmt":"2023-03-16T14:44:04","guid":{"rendered":"https:\/\/wotecenergie.com\/?page_id=35"},"modified":"2023-06-29T21:40:05","modified_gmt":"2023-06-29T19:40:05","slug":"nos-prestations","status":"publish","type":"page","link":"https:\/\/wotecenergie.com\/en\/nos-prestations\/","title":{"rendered":"General Electricity"},"content":{"rendered":"\n<p>Nous offrons des services de prestation aux professionnels et particuliers. Nous intervenons dans le secteur de l\u2019\u00e9nergie \u00e9lectrique en tant que consultant pour concevoir et concr\u00e9tiser les projets de nos clients.<\/p>\n\n\n\n<p>Nos techniciens &amp; ing\u00e9nieurs sont qualifi\u00e9s et exp\u00e9riment\u00e9s aux sp\u00e9cificit\u00e9s techniques, technologiques et \u00e9conomiques des projets, ils interviennent sur l\u2019ensemble du territoire et dans la sous-r\u00e9gion pour r\u00e9pondre aux besoins des clients. Nous assurons l\u2019accompagnement, la r\u00e9ussite et la garantie des projets \u00e0 travers des solutions technico-\u00e9conomiques s\u00fbres et fiables.<\/p>\n\n\n\n<p><strong>Notre savoir-faire&nbsp;:<\/strong><\/p>\n\n\n\n<ul class=\"wp-block-list\">\n<li>Assistance aux projets d\u2019\u00e9tudes et r\u00e9daction des documents techniques;<\/li>\n\n\n\n<li>Conception des plans \u00e9lectriques, des armoires \u00e9lectriques et des TGBT;<\/li>\n\n\n\n<li>R\u00e9alisation des travaux d\u2019\u00e9lectricit\u00e9 g\u00e9n\u00e9rale;<\/li>\n\n\n\n<li>Installation de transformateurs \u00e9lectriques (r\u00e9seau MT\/BT);<\/li>\n\n\n\n<li>R\u00e9alisation du raccordement au r\u00e9seau \u00e9lectrique des nouveaux clients;<\/li>\n\n\n\n<li>Assurer la maintenance et la mise en service des installations \u00e9lectriques;<\/li>\n\n\n\n<li>Mettre en s\u00e9curit\u00e9 des installations;<\/li>\n\n\n\n<li>Eclairage intelligent et syst\u00e8mes communicants;<\/li>\n<\/ul>\n\n\n\n<p><\/p>\n\n\n\n<div class=\"wp-block-essential-blocks-slider\"><div class=\"eb-parent-wrapper eb-parent-eb-slider-m0mpjfw \"><div class=\"eb-slider-wrapper eb-slider-m0mpjfw\" data-settings=\"{&quot;arrows&quot;:true,&quot;adaptiveHeight&quot;:false,&quot;autoplay&quot;:true,&quot;autoplaySpeed&quot;:3000,&quot;dots&quot;:true,&quot;fade&quot;:false,&quot;infinite&quot;:true,&quot;pauseOnHover&quot;:true,&quot;slidesToShow&quot;:1,&quot;speed&quot;:500,&quot;initialSlide&quot;:0,&quot;vertical&quot;:false,&quot;responsive&quot;:[{&quot;breakpoint&quot;:1025,&quot;settings&quot;:{&quot;slidesToShow&quot;:1}},{&quot;breakpoint&quot;:767,&quot;settings&quot;:{&quot;slidesToShow&quot;:1}}]}\" data-images=\"[{&quot;url&quot;:&quot;https:\/\/wotecenergie.com\/wp-content\/uploads\/2023\/06\/shutterstock_523701808-scaled-1.webp&quot;,&quot;alt&quot;:&quot;&quot;,&quot;id&quot;:0,&quot;imageId&quot;:549,&quot;caption&quot;:&quot;&quot;,&quot;title&quot;:&quot;Slider 1&quot;,&quot;subtitle&quot;:&quot;Essential Blocks Slider Subtitle&quot;,&quot;showButton&quot;:true,&quot;buttonText&quot;:&quot;See More&quot;,&quot;buttonUrl&quot;:&quot;&quot;,&quot;openNewTab&quot;:false,&quot;isValidUrl&quot;:true},{&quot;url&quot;:&quot;https:\/\/wotecenergie.com\/wp-content\/uploads\/2023\/06\/electrical-technician-working-switchboard-with-fuses.webp&quot;,&quot;alt&quot;:&quot;&quot;,&quot;id&quot;:1,&quot;imageId&quot;:552,&quot;caption&quot;:&quot;&quot;,&quot;title&quot;:&quot;Slider 2&quot;,&quot;subtitle&quot;:&quot;Essential Blocks Slider Subtitle&quot;,&quot;showButton&quot;:true,&quot;buttonText&quot;:&quot;See More&quot;,&quot;buttonUrl&quot;:&quot;&quot;,&quot;openNewTab&quot;:false,&quot;isValidUrl&quot;:true}]\" data-slidercontenttype=\"content-1\" data-slidertype=\"image\" data-textalign=\"left\"><div class=\"image\"><div class=\"eb-slider-item content-1\"><img decoding=\"async\" class=\"eb-slider-image\" src=\"https:\/\/wotecenergie.com\/wp-content\/uploads\/2023\/06\/shutterstock_523701808-scaled-1.webp\"\/><\/div><div class=\"eb-slider-item content-1\"><img decoding=\"async\" class=\"eb-slider-image\" src=\"https:\/\/wotecenergie.com\/wp-content\/uploads\/2023\/06\/electrical-technician-working-switchboard-with-fuses.webp\"\/><\/div><\/div><\/div><\/div><\/div>\n","protected":false},"excerpt":{"rendered":"<p>Nous offrons des services de prestation aux professionnels et particuliers. Nous intervenons dans le secteur de l\u2019\u00e9nergie \u00e9lectrique en tant que consultant pour concevoir et concr\u00e9tiser les projets de nos clients. Nos techniciens &amp; ing\u00e9nieurs sont qualifi\u00e9s et exp\u00e9riment\u00e9s aux sp\u00e9cificit\u00e9s techniques, technologiques et \u00e9conomiques des projets, ils interviennent sur l\u2019ensemble du territoire et dans la sous-r\u00e9gion pour r\u00e9pondre aux [&hellip;]<\/p>\n","protected":false},"author":3,"featured_media":0,"parent":0,"menu_order":1,"comment_status":"closed","ping_status":"closed","template":"","meta":{"_eb_attr":"","footnotes":""},"class_list":["post-35","page","type-page","status-publish","hentry"],"_links":{"self":[{"href":"https:\/\/wotecenergie.com\/en\/wp-json\/wp\/v2\/pages\/35","targetHints":{"allow":["GET"]}}],"collection":[{"href":"https:\/\/wotecenergie.com\/en\/wp-json\/wp\/v2\/pages"}],"about":[{"href":"https:\/\/wotecenergie.com\/en\/wp-json\/wp\/v2\/types\/page"}],"author":[{"embeddable":true,"href":"https:\/\/wotecenergie.com\/en\/wp-json\/wp\/v2\/users\/3"}],"replies":[{"embeddable":true,"href":"https:\/\/wotecenergie.com\/en\/wp-json\/wp\/v2\/comments?post=35"}],"version-history":[{"count":7,"href":"https:\/\/wotecenergie.com\/en\/wp-json\/wp\/v2\/pages\/35\/revisions"}],"predecessor-version":[{"id":568,"href":"https:\/\/wotecenergie.com\/en\/wp-json\/wp\/v2\/pages\/35\/revisions\/568"}],"wp:attachment":[{"href":"https:\/\/wotecenergie.com\/en\/wp-json\/wp\/v2\/media?parent=35"}],"curies":[{"name":"wp","href":"https:\/\/api.w.org\/{rel}","templated":true}]}}